{"id":1721,"date":"2020-10-28T09:33:07","date_gmt":"2020-10-28T07:33:07","guid":{"rendered":"http:\/\/orpheum.ch\/foundation\/portrait\/"},"modified":"2024-08-13T14:17:40","modified_gmt":"2024-08-13T12:17:40","slug":"portrait","status":"publish","type":"page","link":"https:\/\/orpheum.ch\/en\/foundation\/portrait\/","title":{"rendered":"Portrait"},"content":{"rendered":"\n<h1 class=\"wp-block-heading\"><strong>Orpheum, a different kind of foundation<\/strong><\/h1>\n\n\n\n<p>The Orpheum Foundation for the Advancement of Young Soloists is different from its peers. It does not just offer yet another competition for young, talented musicians. Instead, for the past thirty years, it has been fostering musical encounters on the highest level, in which exceptional young soloists are given the opportunity to perform with renowned orchestras under the baton of major conductors. The Orpheum Concerts offer a unique artistic experience to these soloists, and often provide the decisive impetus for their career. In recent years, this core idea of the Orpheum Foundation has been developed and expanded by further concert formats and a CD series.<\/p>\n\n\n\n<p>The Orpheum Foundation\u2019s advancement model is unique in the world, and complements the activities of other institutions that award prizes and scholarships. Orpheum helps up-and-coming soloists to build up their artistic career.<\/p>\n\n\n\n<p><strong>The idea behind the Orpheum concept<\/strong><\/p>\n\n\n\n<p>What are young musicians supposed to do when they\u2019ve finished their conservatory studies successfully? When they\u2019ve gained additional interpretive experience from masterclasses with the great exponents of their instrument? And when they\u2019ve proven their competitiveness by getting a good ranking at those competitions that provide an initial push onto the international concert scene? Their next step has to be to try and procure top-quality engagements that can have a lasting impact. Because the best basis for the career of an up-and-coming young soloist is to give a successful concert that impresses not just the audience, but also the media, event organisers, orchestras and conductors alike.<\/p>\n\n\n\n<p>This is where the Orpheum Foundation comes in. It selects soloists who have the chance of an international breakthrough, and offers them a platform to demonstrate what they can really do, accompanied by a first-class orchestra under the baton of a leading conductor.<\/p>\n\n\n\n<p>The Orpheum Foundation was set up by Hans Heinrich Coninx in 1990. In an interview with the arts magazine&nbsp;<em>DU<\/em>, he recalled the events of that year: \u201cI realised that the career of aspiring artists cannot be driven by financial help alone. It can guarantee them further studies, but they still lack the necessary attention. In order to be successful, young soloists have to be given the opportunity to work with exceptional conductors and orchestras, and to prove themselves in performances before a big audience. This can give them a unique impetus and provide the special circumstances under which they can become aware of the public aspects of embarking on a major career\u201d.<\/p>\n\n\n\n<p>Hans Heinrich Coninx also had the idea of setting up an Artistic Board of Trustees: \u201cThis idea has increasingly proven to be the distinguishing feature of our advancement model. The members of our Artistic Board regularly propose young, talented musicians to us \u2013 there is no Orpheum competition. Don\u2019t forget: when experienced conductors recommend talented young musicians to us, they have already measured them up in an overarching, intuitive fashion. Many different aspects have flowed into their assessment that might not be discernible in a one-off audition\u201d.<\/p>\n\n\n\n<p>Besides these recommendations, Orpheum also receives many applications. Young, talented musicians and their agents often use the online option for submitting their necessary details. Howard Griffiths, the Artistic Director of the Orpheum Foundation, is responsible for making the definitive selection of soloists from the recommendations and applications received.<\/p>\n\n\n\n<p><strong>The Orpheum Foundation today has a diverse range of activities<\/strong><\/p>\n\n\n\n<p>At the heart of the Orpheum Foundation\u2019s activities are its&nbsp;<strong>orchestral concerts in<\/strong> the Zurich Tonhalle, organised in collaboration with the resident Tonhalle Orchestra. Above and beyond this, international orchestras also perform as guests of the Foundation, such as the Tchaikovsky Symphony Orchestra of Moscow, the Bamberg and Vienna Symphony Orchestras, the Orchestra del Maggio Musicale Fiorentino and the Camerata Salzburg. The Foundation has engaged conductors such as David Zinman, Christoph Eschenbach, Mariss Jansons, Armin and Philippe Jordan, Zubin Mehta, Sir Neville Marriner, Michael Sanderling and Marcello Viotti.<\/p>\n\n\n\n<p>In recent years, the Orpheum Foundation has expanded its advancement concept to include&nbsp;<strong>recitals<\/strong>, as well as knowledge-sharing events including workshops in which renowned pianists such as Fazil Say and Maria Jo\u00e3o Pires work together with young soloists.&nbsp;The concert format \u201cYoung Soloists on Stage\u201d was created in collaboration with the Concours G\u00e9za Anda, and established in the \u201cRazzia\u201d in Zurich, a former cinema that is a restaurant today. These events comprise a family concert and a festive evening concert. This enables young, up-and-coming soloists to get hands-on practical experience of the role of a music communicator, while the \u201cD\u00eener Concert\u201d offers a further variation on the Orpheum\u2019s concept of its \u201cadvancement recitals\u201d.<\/p>\n\n\n\n<p>The Orpheum&nbsp;<strong>CD series is<\/strong> also new, offering young soloists their first studio experience and a presence on the international CD market. These productions have taken place in collaboration with Sony and the Bavarian Radio (with the Munich Chamber Orchestra) and ORF (with the ORF Radio Symphony Orchestra of Vienna).<\/p>\n\n\n\n<p>These Orpheum activities are also complemented by&nbsp;<strong>company concerts and advisory and networking<\/strong> services for our selected soloists. To this end, the Orpheum Foundation engages in dialogue with companies, other funding institutions, concert organisers, agencies, intendants and producers.<\/p>\n\n\n\n<p>Each year, four to eight young musicians are taken up into the Orpheum advancement programme.<\/p>\n\n\n\n<p>The Orpheum Foundation has no vested interests because it is financed privately.&nbsp;Support from <a href=\"\/en\/partners\/our-partners\/\">Orpheum\u2019s partners<\/a> is extremely important in this, and Orpheum is consciously intensifying its collaboration with other charitable foundations. In this context, Orpheum\u2019s strategic partnership with the M\u00fcller-M\u00f6hl Foundation is worthy of special mention, for the latter\u2019s social concerns \u2013 as expressed by its motto \u201ctalent knows no gender\u201d \u2013 fits ideally with Orpheum\u2019s advancement ethos, enabling them to come together for joint events.<\/p>\n\n\n\n<p>Over 200 soloists have performed in almost 100 concerts organised up to now by the Orpheum Foundation. Our database on our homepage has all their <a href=\"\/en\/soloists\/database\/\">details<\/a>.<\/p>\n\n\n\n<h2 class=\"wp-block-heading\">Milestones<\/h2>\n\n\n\n<p><br><strong>2024<\/strong><br>The Swiss pianist Oliver Schnyder is taking over the artistic direction of the Orpheum Foundation. As a former Orpheum soloist and internationally active and networked pianist, he will continue to develop the Orpheum idea for the future.<\/p>\n\n\n\n<p><strong>2023<\/strong><br>Howard Griffiths conducts the Orpheum Supporters Orchestra for the last time as Artistic Director and hands over his position to his successor Oliver Schnyder. In spring, Paavo J\u00e4rvi celebrates his premiere at the Orpheum conductor&#8217;s podium.<\/p>\n\n\n\n<p><strong>2022<\/strong><br>Organ soloists play the new organ at the Tonhalle Zurich for the first time. Further collaboration with the M\u00fcller-M\u00f6hl Foundation on the topic of &#8220;Talent knows no gender&#8221; as part of a concert with the Tonhalle-Orchester Z\u00fcrich. Continuation of the Orpheum sponsorship idea with a chamber music recital, for the first time with Sir Andr\u00e1s Schiff at the piano.<\/p>\n\n\n\n<p><strong>2021<\/strong><br>Board of Trustees member Christoph Eschenbach is a guest at the Tonhalle Zurich once again, together with his Berlin Konzerthausorchester. Launch of the &#8220;NEXT GENERATION MOZART SOLOISTS&#8221; project: As part of this edition, all Mozart concertos will be released in new recordings with carefully curated young soloists.<\/p>\n\n\n\n<p><strong>2020<\/strong><br>For the first-ever time, an orchestral concert was organised as a joint event with the M\u00fcller-M\u00f6hl Foundation, with the Tonhalle Orchestra playing under the direction of Kristiina Poska.<br>The festive concert of 7 November in celebration of the 30<sup>th<\/sup>anniversary of the Orpheum Foundation had to take place at the Druckerei in Baden on account of the pandemic. It was made available as a stream and was broadcast by Radio SRF 2 Culture. Oliver Schnyder partnered the two young string soloists at this \u201cAdvancement Recital\u201d and is himself a former Orpheum Soloist. He has now become the youngest member of the Orpheum\u2019s Artistic Board of Trustees, which is made up of prominent musicians.<\/p>\n\n\n\n<p><strong>2019<\/strong><br>David Zinman returns to the podium of the Tonhalle Orchestra for one more Orpheum Concert.<\/p>\n\n\n\n<p><strong>2018<\/strong><br>Orpheum organises the first-ever joint event with the M\u00fcller-M\u00f6hl Foundation, thereby linking the traditional Orpheum advancement concept with the promotion of women. Orpheum has already shown its successful commitment to this idea, because over the whole period of its existence, almost 50% of the young musicians it has supported have been women.<\/p>\n\n\n\n<p><strong>2017<\/strong><br>The Orpheum Foundation launches a new collaboration with the Concours G\u00e9za Anda, with a family concert and a \u201cd\u00eener concert\u201d.<\/p>\n\n\n\n<p><strong>2016<\/strong><br>The first-ever Orpheum CD is released in collaboration with Sony Classical, with works by Anton and Paul Wranitzky. The plan is to realise one recording every year, featuring two young soloists performing rarely heard works. The \u201cOrpheum Supporters Orchestra\u201d comes together for the first-ever time under the baton of Howard Griffiths. Oliver Schnyder and Fazil Say transfer the Orpheum advancement idea into the chamber-music repertoire with their \u201cF\u00f6rderrezitals\u201d (\u201cadvancement recitals\u201d).<\/p>\n\n\n\n<p><strong>2015<\/strong><br>The 25<sup>th<\/sup>anniversary of the Orpheum Foundation for the Advancement of Young Soloists. Seven soloists perform at four concerts, accompanied by the Tchaikovsky Symphony Orchestra of Moscow Radio under Vladimir Fedoseyev, by the Vienna Symphony Orchestra under Philippe Jordan, by the Zurich Tonhalle Orchestra under Sir Neville Marriner, and by the Baltic Sea Youth Philharmonic under Kristjan J\u00e4rvi.&nbsp;&nbsp;The violinist Nicolaj Znaider, a former Orpheum Soloist who has enjoyed worldwide success, performs on behalf of all the musicians whom the Foundation has supported in the previous 25 years.<\/p>\n\n\n\n<p><strong>2013<\/strong><br>To complement its tried-and-tested advancement programme, the Orpheum Foundation offers its soloists a professional training in media and communication, made possible by a partnership with Bank Julius B\u00e4r.<\/p>\n\n\n\n<p><strong>2008<\/strong><br>Under the banner \u201cJuilliard@orpheum\u201d, the Orpheum Stiftung brings together students from the Juilliard School in New York and the Zurich University of the Arts (ZHdK) for joint workshops and concerts, enabling them to gain interdisciplinary experience.<\/p>\n\n\n\n<p><strong>2003<\/strong><br>The shifts in the design and emphasis of the Orpheum concert programmes are by now part and parcel of the Orpheum tradition. This year, the Foundation announces its support for young conductors with an \u201cOrpheum Conductors\u2019 Master Class\u201d in collaboration with Colin Metters, David Zinman and the Zurich Chamber Orchestra.<\/p>\n\n\n\n<p><strong>2002<\/strong><br>The 6<sup>th<\/sup> International Orpheum Music Festival for the Advancement of Young Soloists takes place in both Zurich and Basel. In order to expand its reach to young composers, the Foundation appoints the 30-year-old English composer Edward Rushton as its \u201cComposer in Residence\u201d. Over the coming years, four more young composers will benefit from similar support.<\/p>\n\n\n\n<p><strong>2001<\/strong><br>Howard Griffiths is appointed the Artistic Director of the Orpheum Foundation. The first-ever \u201cOrpheum Public Award for Mozart\u201d is given.<\/p>\n\n\n\n<p><strong>1997<\/strong><br>The Foundation initiates a cooperation programme with the Tchaikovsky Symphony Orchestra of Moscow Radio and the Salzburg Easter Festival. At the invitation of Claudio Abbado, the Salzburg Easter Festival features chamber music concerts with Orpheum Soloists for several years.<\/p>\n\n\n\n<p><strong>1996<\/strong><br>The concert week is now given for the first time under the banner \u201cInternational Orpheum Music Festival for the Advancement of Young Soloists\u201d. The Orpheum Foundation also begins its collaboration with Swiss Radio DRS 2 (later Radio SRF 2 Culture).<\/p>\n\n\n\n<p><strong>1995<\/strong><br>\u201cOrpheum Soloists in Concert\u201d takes place for the first-ever time in the Zurich Tonhalle, and also signifies the beginning of a long-lasting collaboration with the Zurich Tonhalle Orchestra.<\/p>\n\n\n\n<p><strong>1994<\/strong><br>\u201cOrpheum Soloists in Concert\u201d moves to Zurich, where the Opera House plays host to the Foundation\u2019s second cycle of concerts. The Orchestra of the Zurich Opera plays under Mariss Jansons and Georges Pr\u00eatre, the Saarbr\u00fccken Radio Symphony Orchestra under Marcello Viotti, and the Tchaikovsky Symphony Orchestra of the Moscow Radio under Vladimir Fedoseyev. The invitation to the Moscow orchestra marks the beginning of a friendship and collaboration that lasts for many years.<\/p>\n\n\n\n<p><strong>1991<\/strong><br>The renowned spa resort Bad Ragaz hosts the Foundation\u2019s first concert week, entitled \u201cOrpheum Soloists in Concert\u201d. The Bamberg Symphony Orchestra is engaged as the festival orchestra, and performs under the baton of Christoph Eschenbach, Mariss Jansons and Armin Jordan. Besides the orchestral concerts, the programme features \u201cpresentation concerts\u201d in which the young musicians present themselves to their audience in chamber music and in conversation with Sir Peter Ustinov and Rolf Liebermann. At the heart of the concert week there are six young soloists from five different countries, including two who would subsequently achieve international success: the cellists Truls M\u00f8rk from Norway and Xavier Phillips from France.<\/p>\n\n\n\n<p><strong>1990<\/strong><br>The Orpheum Foundation for the Advancement of Young Soloists is set up in Zurich and recognised as a non-profit institution. Under the chairmanship of Dr Hans Heinrich Coninx, its project team begins to plan the first cycle of the Orpheum advancement programme; they are joined by experts from the realms of culture, business and tourism. Mischa Damev is appointed its Artistic Director.<\/p>\n\n\n\n<p><\/p>\n\n\n\n<p><\/p>\n\n\n\n<p><\/p>\n\n\n\n<p><\/p>\n\n\n\n<p><\/p>\n\n\n\n<p><\/p>\n\n\n\n<p><\/p>\n\n\n\n<p><\/p>\n\n\n\n<p><\/p>\n\n\n\n<p><\/p>\n\n\n\n<p><\/p>\n\n\n\n<p><\/p>\n\n\n\n<p><\/p>\n\n\n\n<p><\/p>\n\n\n\n<p><\/p>\n\n\n\n<p><\/p>\n","protected":false},"excerpt":{"rendered":"<p>Orpheum, a different kind of foundation The Orpheum Foundation for the Advancement of Young Soloists is different from its peers. It does not just offer yet another competition for young, talented musicians. Instead, for the past thirty years, it has been fostering musical encounters on the highest level, in which exceptional young soloists are given [&hellip;]<\/p>\n","protected":false},"author":4,"featured_media":0,"parent":206,"menu_order":1,"comment_status":"closed","ping_status":"closed","template":"templates\/foundation.php","meta":{"_acf_changed":false,"inline_featured_image":false,"_genesis_hide_title":false,"_genesis_hide_breadcrumbs":false,"_genesis_hide_singular_image":false,"_genesis_hide_footer_widgets":false,"_genesis_custom_body_class":"","_genesis_custom_post_class":"","_genesis_layout":"","footnotes":""},"class_list":{"0":"post-1721","1":"page","2":"type-page","3":"status-publish","5":"entry"},"acf":[],"_links":{"self":[{"href":"https:\/\/orpheum.ch\/en\/wp-json\/wp\/v2\/pages\/1721","targetHints":{"allow":["GET"]}}],"collection":[{"href":"https:\/\/orpheum.ch\/en\/wp-json\/wp\/v2\/pages"}],"about":[{"href":"https:\/\/orpheum.ch\/en\/wp-json\/wp\/v2\/types\/page"}],"author":[{"embeddable":true,"href":"https:\/\/orpheum.ch\/en\/wp-json\/wp\/v2\/users\/4"}],"replies":[{"embeddable":true,"href":"https:\/\/orpheum.ch\/en\/wp-json\/wp\/v2\/comments?post=1721"}],"version-history":[{"count":0,"href":"https:\/\/orpheum.ch\/en\/wp-json\/wp\/v2\/pages\/1721\/revisions"}],"up":[{"embeddable":true,"href":"https:\/\/orpheum.ch\/en\/wp-json\/wp\/v2\/pages\/206"}],"wp:attachment":[{"href":"https:\/\/orpheum.ch\/en\/wp-json\/wp\/v2\/media?parent=1721"}],"curies":[{"name":"wp","href":"https:\/\/api.w.org\/{rel}","templated":true}]}}