{"id":1782,"date":"2019-04-03T14:56:06","date_gmt":"2019-04-03T12:56:06","guid":{"rendered":"http:\/\/orpheum.ch\/datenschutz-und-nutzungshinweise\/"},"modified":"2020-12-21T09:31:26","modified_gmt":"2020-12-21T07:31:26","slug":"data-protection-and-terms-of-use","status":"publish","type":"page","link":"https:\/\/orpheum.ch\/en\/data-protection-and-terms-of-use\/","title":{"rendered":"Data protection and terms of use"},"content":{"rendered":"<h2>1. Privatsph\u00e4re<\/h2>\n<p>Der Schutz Ihrer Privatsph\u00e4re ist der Orpheum Stiftung ein wichtiges Anliegen. Bitte beachten Sie dazu die nachstehenden Datenschutzbestimmungen.<\/p>\n<h2>2. Geltungsbereich<\/h2>\n<p>Die Orpheum Stiftung erfasst, verarbeitet, speichert und sch\u00fctzt die Daten von Personen, die auf unsere Webseite zugreifen.<\/p>\n<h2>3. Rechtsgrundlagen<\/h2>\n<p>Die vorliegenden Datenschutzgrundlagen basieren auf dem schweizerischen Datenschutzgesetz (DSG) und der europ\u00e4ischen Datenschutzgrundverordnung (DSGVO).<\/p>\n<h2>4. Verantwortung bei der Orpheum Stiftung<\/h2>\n<p>F\u00fcr alle datenschutzrechtlichen Belange bei der Orpheum Stiftung ist verantwortlich: Thomas Pfiffner, <a href=\"mailto:info@orpheum.ch\">info@orpheum.ch<\/a>.<\/p>\n<h2>5. Verwendung von Informationen<\/h2>\n<p>Der Besuch der Webseite der Orpheum Stiftung ist grunds\u00e4tzlich ohne jede Angabe personenbezogener Daten m\u00f6glich. Unpers\u00f6nliche Nutzungsdaten wie die IP-Adresse, der verwendete Browser, Datum, Uhrzeit etc. werden ohne R\u00fcckschl\u00fcsse auf ihre Person ausgewertet. Personenbezogene Daten werden strikte im Einklang mit den einschl\u00e4gigen Gesetzen und Verordnung sowie grunds\u00e4tzlich nur mit Ihrer ausdr\u00fccklichen Einwilligung erfasst und verarbeitet.<\/p>\n<h2>6. Keine Weitergabe von personenbezogenen Daten<\/h2>\n<p>Ihre personenbezogenen Daten werden weder verkauft noch mit Dritten ausserhalb der Orpheum Stiftung geteilt. Eine Ausnahme k\u00f6nnen externe Dienstleister bilden, die im Auftrag der Orpheum Stiftung Anfragen oder Bestellungen abwickeln und die hief\u00fcr zwingend notwendigen Daten verarbeiten. Die Orpheum Stiftung gew\u00e4hrleistet, dass alle datenempfangenden Stellen die Anforderungen des Datenschutzes und der Datensicherheit erf\u00fcllen.<\/p>\n<h2>7. Kontaktm\u00f6glichkeiten \u00fcber die Webseite<\/h2>\n<p>Sofern Sie \u00fcber unsere Webseite Kontakt mit der Orpheum Stiftung aufnehmen, werden die von Ihnen \u00fcbermittelten personenbezogenen Daten automatisch gespeichert. Solche auf freiwilliger Basis \u00fcbermittelten &nbsp;Daten werden f\u00fcr Zwecke der Bearbeitung oder der Kontaktaufnahme mit Ihnen gespeichert. Es erfolgt keine Weitergabe dieser personenbezogenen Daten an Dritte.<\/p>\n<h2>8. Routinem\u00e4ssige L\u00f6schung und Sperrung von personenbezogenen Daten<\/h2>\n<p>Die Orpheum Stiftung verarbeitet und speichert personenbezogene Daten betroffener Personen nur f\u00fcr den Zeitraum, der zur Erreichung des Speicherungszweckes erforderlich ist, oder sofern dies durch gesetzliche Vorgaben, welchen die Verantwortlichen unterliegen, vorgesehen wurde. Entf\u00e4llt der Speicherungszweck oder l\u00e4uft eine allf\u00e4llige gesetzliche Speicherfrist ab, werden die personenbezogenen Daten routinem\u00e4ssig und entsprechend der gesetzlichen Vorschriften gesperrt oder gel\u00f6scht.<\/p>\n<h2>9. Rechtsgrundlagen der Verarbeitung<\/h2>\n<p>Es werden keine Daten ohne Rechtsgrundlage bearbeitet. Als solche dienen:<\/p>\n<ul>\n<li>die Einwilligung<\/li>\n<li>die Erf\u00fcllung eines Vertrages<\/li>\n<li>gesetzliche Verpflichtungen<\/li>\n<li>die Wahrung eines berechtigten Interesses der Orpheum Stiftung &nbsp;oder eines Dritten<\/li>\n<\/ul>\n<h2>10. Rechte der betroffenen Personen<\/h2>\n<p>Soweit nicht durch das anwendbare Recht eingeschr\u00e4nkt, stehen dem Einzelnen die folgenden Rechte zu:<\/p>\n<ul>\n<li>Auskunftsrecht &#8211; das Recht, \u00fcber die personenbezogenen Daten, die wir von Ihnen verarbeiten, informiert zu werden und Auskunft dazu zu verlangen;<\/li>\n<li>Recht auf Berichtigung &#8211; das Recht zu verlangen, dass wir Ihre personenbezogenen Daten \u00e4ndern oder aktualisieren, wenn diese unrichtig oder unvollst\u00e4ndig sind;<\/li>\n<li>Recht auf L\u00f6schung &#8211; das Recht zu verlangen, dass wir Ihre personenbezogenen Daten dauerhaft l\u00f6schen;<\/li>\n<li>Recht auf Einschr\u00e4nkung der Verarbeitung &#8211; das Recht zu verlangen, dass wir vor\u00fcbergehend oder dauerhaft die Verarbeitung s\u00e4mtlicher oder eines Teils Ihrer personenbezogenen Daten einstellen;<\/li>\n<li>Widerspruchsrecht &#8211;\n<ul>\n<li>das Recht, der Verarbeitung Ihrer personenbezogenen Daten durch uns jederzeit aus Gr\u00fcnden, die sich aus Ihrer besonderen Situation ergeben, zu widersprechen;<\/li>\n<li>das Recht dagegen zu widersprechen, dass Ihre personenbezogenen Daten f\u00fcr Zwecke der Direktwerbung verarbeitet werden;<\/li>\n<\/ul>\n<\/li>\n<li>Recht auf Daten\u00fcbertragbarkeit &#8211; das Recht, eine Kopie Ihrer personenbezogenen Daten im elektronischen Format zu verlangen, und das Recht, diese personenbezogenen Daten f\u00fcr die Nutzung in dem Dienst eines anderen zu \u00fcbertragen; und<\/li>\n<li>das Recht, keiner automatisierten Entscheidungsfindung unterworfen zu sein &#8211; das Recht, keiner Entscheidung unterworfen zu sein, die allein auf einer automatisierten Entscheidungsfindung basiert, einschlie\u00dflich der Profilerstellung (Profiling), soweit die Entscheidung eine rechtliche Auswirkung auf Sie haben w\u00fcrde oder eine \u00e4hnlich erhebliche Beeintr\u00e4chtigung hervorrufen w\u00fcrde.<\/li>\n<\/ul>\n<h2>11. Erhebung, Verarbeitung und Nutzung von personenbezogenen Daten<\/h2>\n<h2>11.1. Personenbezogene Daten<\/h2>\n<p>Personenbezogene Daten sind Angaben \u00fcber sachliche oder pers\u00f6nliche Verh\u00e4ltnisse einer bestimmten oder bestimmbaren nat\u00fcrlichen Person. Hierunter fallen beispielsweise Ihr Name und Ihre Email Adresse.<\/p>\n<h2>11.2. Zweck der Verarbeitung<\/h2>\n<p>Wir verarbeiten ihre personenbezogenen Daten f\u00fcr<\/p>\n<ul>\n<li>die freiwilligen Kommunikation mit Ihnen bei Kontaktaufnahme.<\/li>\n<li>die Vertragserf\u00fcllung.<\/li>\n<li>Marketing- und Werbezwecken.<\/li>\n<\/ul>\n<h2>11.3. Kategorien personenbezogener Daten f\u00fcr die Verarbeitungszwecke<\/h2>\n<p>Bei den f\u00fcr die in Ziff. 10 genannten Zwecke verarbeiten wir<\/p>\n<ul>\n<li>Ihre Nutzungsdaten,<\/li>\n<li>Ihre Zahlungsdaten,<\/li>\n<li>Ihre freiwillige mobile Daten.<\/li>\n<\/ul>\n<h2>11.4. Newsletter<\/h2>\n<p>F\u00fcr den Versand des Newsletters verwenden wir das sogenannte Double Opt-In-Verfahren, d.h., wir werden Ihnen erst dann einen Newsletter per E-Mail zusenden, wenn Sie uns zuvor ausdr\u00fccklich best\u00e4tigt haben, dass wir den Newsletter-Dienst aktivieren sollen. Wir werden Ihnen dann eine Benachrichtigungs-E-Mail zusenden und Sie bitten, durch das Anklicken eines in dieser E-Mail enthaltenen Links zu best\u00e4tigen, dass Sie unseren Newsletter erhalten m\u00f6chten. Sollten Sie sp\u00e4ter keine Newsletter mehr von uns erhalten wollen, k\u00f6nnen Sie diesen jederzeit abbestellen. Ein Abmelde-Link findet sich in jedem einzelnen Newsletter Versand.<\/p>\n<h2>11.5. Serviceempfehlungen via Email<\/h2>\n<p>Als Kunde der Orpheum Stiftung erhalten Sie ab und zu Produkte- oder Service-Empfehlungen von uns per E-Mail. Diese Empfehlungen erhalten Sie von uns unabh\u00e4ngig davon, ob Sie einen Newsletter abonniert haben. Wir wollen Ihnen auf diese Weise Informationen \u00fcber Produkte aus unserem Angebot zukommen lassen, die Sie auf Grundlage Ihrer letzten Leistungsbez\u00fcge bei uns interessieren k\u00f6nnten. Dabei richten wir uns streng nach den gesetzlichen Vorgaben. Sofern Sie keine Produktempfehlungen oder insgesamt keine werblichen Nachrichten mehr von uns erhalten wollen, k\u00f6nnen Sie dem jederzeit widersprechen, ohne dass hierf\u00fcr andere als die \u00dcbermittlungskosten nach den Basistarifen entstehen. Eine E-Mail an die unter Ziffer 4 genannten Kontaktdaten (z.B. E-Mail, Fax, Brief) reicht hierf\u00fcr aus. Selbstverst\u00e4ndlich finden Sie auch in jeder E-Mail einen Abmelde-Link.<\/p>\n<h2>12. &nbsp;Cookies<\/h2>\n<p>Diese Webseite verwendet Cookies. Cookies sind kleine Textdateien, die beim Besuch dieser Webseite dauerhaft oder tempor\u00e4r gespeichert werden. Zweck der Cookies ist insbesondere die Analyse der Nutzung dieser Webseite zur statistischen Auswertung sowie f\u00fcr kontinuierliche Verbesserungen. In den Einstellungen Ihres Browsers k\u00f6nnen Sie Cookies jederzeit ganz oder teilweise deaktivieren. Bei deaktivierten Cookies stehen Ihnen allenfalls nicht mehr alle Funktionen dieser Webseite zur Verf\u00fcgung.<\/p>\n<h2>12.1 Was sind Cookies ?<\/h2>\n<p>Cookies sind kleine Dateien, die auf Ihrem Datentr\u00e4ger gespeichert werden und die bestimmte Einstellungen und Daten zum Austausch mit unserem System \u00fcber Ihren Browser speichern. Grunds\u00e4tzlich unterscheidet man 2 verschiedenen Arten von Cookies, sogenannte Session-Cookies, die gel\u00f6scht werden, sobald Sie Ihren Browser schlie\u00dfen und tempor\u00e4re\/permanente Cookies, die f\u00fcr einen l\u00e4ngeren Zeitraum oder unbegrenzt auf Ihrem Datentr\u00e4ger gespeichert werden. Diese Speicherung hilft uns, unsere Webseiten und unsere Angebote f\u00fcr Sie entsprechend zu gestalten und erleichtert Ihnen die Nutzung, indem beispielsweise bestimmte Eingaben von Ihnen so gespeichert werden, dass Sie sie nicht st\u00e4ndig wiederholen m\u00fcssen.<\/p>\n<h2>12.2. Welche Cookies verwendet die Orpheum Stiftung<\/h2>\n<p>Die meisten der von uns verwendeten Cookies werden nach Ende der Browser-Sitzung (Ende der Session) automatisch wieder von Ihrer Festplatte gel\u00f6scht (daher auch Session-Cookies). Dar\u00fcber hinaus verwenden wir auch Cookies, die auf der Festplatte bei Ihnen verbleiben. Bei einem weiteren Besuch wird dann automatisch erkannt, dass Sie bereits bei uns waren und welche Eingaben und Einstellungen Sie bevorzugen. Diese tempor\u00e4ren oder auch permanenten Cookies (Lebensdauer 1 Monat bis 10 Jahre) werden auf Ihrer Festplatte gespeichert und l\u00f6schen sich nach der vorgegebenen Zeit von allein. Insbesondere diese Cookies dienen dazu, unser Angebot nutzerfreundlicher, effektiver und sicherer zu machen. Dank dieser Dateien ist es beispielsweise m\u00f6glich, dass Sie speziell auf Ihre Interessen abgestimmte Informationen auf der Seite angezeigt bekommen. Der ausschlie\u00dfliche Zweck dieser Cookies besteht darin, unser Angebot Ihren Kundenw\u00fcnschen bestm\u00f6glich anzupassen und Ihnen das Surfen bei uns so komfortabel wie m\u00f6glich zu gestalten.<\/p>\n<h2>12.3 Welche Daten sind in den Cookies gespeichert?<\/h2>\n<p>In den von der Orpheum Stiftung verwendeten Cookies werden lediglich pseudonyme Daten gespeichert. Bei Aktivierung des Cookies wird diesem eine Identifikationsnummer zugewiesen und eine Zuordnung Ihrer personenbezogenen Daten zu dieser Identifikationsnummer wird nicht vorgenommen. Ihr Name, Ihre IP-Adresse oder \u00e4hnliche Daten, die eine Zuordnung des Cookies zu Ihnen erm\u00f6glichen w\u00fcrde, werden nicht in den Cookie eingelegt. Auf Basis der Cookie-Technologie erhalten wir lediglich pseudonymisierte Informationen, beispielsweise dar\u00fcber, welche Seiten unserer Webseite besucht wurden, welche Leistungen, Artikel oder Cases angesehen wurden, etc. Die Daten dienen einer pseudonymen Auswertung der Nutzung der Homepage. Third Party Cookies von Werbepartner?<\/p>\n<h2>12.4 Wie k\u00f6nnen Sie die Speicherung von Cookies verhindern?<\/h2>\n<p>In Ihrem Browser k\u00f6nnen Sie einstellen, dass eine Speicherung von Cookies nur akzeptiert wird, wenn Sie dem zustimmen. Wenn Sie nur die Firma-Cookies nicht aber die Cookies unserer Dienstleister und Partner akzeptieren wollen, k\u00f6nnen Sie die Einstellung in Ihrem Browser \u201eCookies von Drittanbietern blockieren\u201c w\u00e4hlen. In der Regel wird Ihnen in der Men\u00fcleiste Ihres Webbrowsers \u00fcber die Hilfe-Funktion angezeigt, wie Sie neue Cookies abweisen und bereits erhaltene ausschalten k\u00f6nnen. Detaillierte Informationen, wie Sie die Einstellungen in dem von Ihnen verwendeten Browser vornehmen k\u00f6nnen, erhalten Sie unter folgendem Link: <a href=\"https:\/\/support.norton.com\/sp\/de\/de\/home\/current\/solutions\/v57840314_NortonM_Retail_1_de_de\" target=\"_blank\" rel=\"noopener noreferrer\">https:\/\/support.norton.com\/sp\/de\/de\/home\/current\/solutions\/v57840314_NortonM_Retail_1_de_de<\/a>. Wir empfehlen Ihnen, bei gemeinsam genutzten Computern, welche so eingestellt sind, dass die Cookies und Flash Cookies akzeptieren, sich nach Beendigung stets vollst\u00e4ndig abzumelden.<\/p>\n<h2>13. Log-Dateien<\/h2>\n<p>Bei jedem Zugriff auf die Webseite der Orpheum Stiftung werden Nutzungsdaten durch den jeweiligen Internetbrowser \u00fcbermittelt und in Protokolldateien, den sogenannten Server-Logfiles, gespeichert. Die dabei gespeicherten Datens\u00e4tze enthalten die folgenden Daten: Datum und Uhrzeit des Abrufs, Name der aufgerufenen Seite, IP-Adresse, Referrer-URL (Herkunfts-URL, von der aus Sie auf die Webseiten gekommen sind), die \u00fcbertragene Datenmenge, sowie Produkt und Versions-Informationen des verwendeten Browsers. Die IP-Adressen der Nutzer werden nach Beendigung der Nutzung gel\u00f6scht oder anonymisiert. Bei einer Anonymisierung werden die IP-Adressen derart ge\u00e4ndert, dass die Einzelangaben \u00fcber pers\u00f6nliche oder sachliche Verh\u00e4ltnisse nicht mehr oder nur mit einem unverh\u00e4ltnism\u00e4\u00dfig gro\u00dfen Aufwand an Zeit, Kosten und Arbeitskraft einer bestimmten oder bestimmbaren nat\u00fcrlichen Person zugeordnet werden k\u00f6nnen. Diese Logfile-Datens\u00e4tze werten wir in anonymisierter Form aus, um unser Angebot weiter zu verbessern und nutzerfreundlicher zu gestalten, Fehler schneller zu finden und zu beheben sowie Serverkapazit\u00e4ten zu steuern. So kann beispielsweise nachvollzogen werden, zu welcher Zeit die Nutzung der Firma Website besonders beliebt ist und entsprechendes Datenvolumen zur Verf\u00fcgung stellen, um Ihnen einen schnellstm\u00f6glichen Einkauf zu gew\u00e4hrleisten. Dar\u00fcber hinaus k\u00f6nnen wir auch durch eine Analyse der Protokolldateien etwaige Fehler auf der Firma Website schneller erkennen und beheben.<\/p>\n<h2>14.Web Analyse mit Google Analytics<\/h2>\n<p>Google Analytics ist eine Dienstleistung von Google Inc., 1600 Amphitheatre Parkway, Mountain View, CA 94043, USA (\u201eGoogle\u201c). Google Analytics verwendet \u201eCookies\u201c, also Textdateien, die auf Ihrem Computer gespeichert werden und eine Analyse der Nutzung unseres Angebots durch Google erm\u00f6glicht. Die durch den Cookie erfassten Informationen \u00fcber die Benutzung unserer Webseiten (einschlie\u00dflich Ihrer IP-Adresse) werden in der Regel an einen Server von Google in die USA \u00fcbertragen und dort gespeichert. Wir weisen darauf hin, dass auf unseren Webseiten Google Analytics um den Code \u201egat._anonymizeIp();;\u201c erweitert wurde, um eine anonymisierte Erfassung von IP-Adressen (sog. IP-Masking) zu gew\u00e4hrleisten. Ihre IP-Adresse wird daher auf unsere Veranlassung hin von Google lediglich in gek\u00fcrzter Form erfasst, was eine Anonymisierung gew\u00e4hrleistet und keine R\u00fcckschl\u00fcsse auf Ihre Identit\u00e4t zul\u00e4sst. Im Falle der Aktivierung der IP- Anonymisierung auf unseren Webseiten, wird Ihre IP-Adresse von Google innerhalb von Mitgliedstaaten der Europ\u00e4ischen Union oder in anderen Vertragsstaaten des Abkommens \u00fcber den Europ\u00e4ischen Wirtschaftsraum zuvor gek\u00fcrzt. Google wird die genannten Informationen verwenden, um Ihre Nutzung unserer Webseiten auszuwerten, um Reports \u00fcber die Webseitenaktivit\u00e4ten f\u00fcr uns zusammenzustellen und um weitere mit der Nutzung von Webseiten und Internet verbundene Dienstleistungen an uns zu erbringen. Die im Rahmen von Google Analytics von Ihrem Browser \u00fcbermittelte IP-Adresse wird nicht mit anderen Daten von Google zusammengef\u00fchrt. Eine \u00dcbertragung dieser Daten durch Google an Dritte findet nur aufgrund gesetzlicher Vorschriften oder im Rahmen der Auftragsdatenverarbeitung statt. Keinesfalls wird Google ihre Daten mit anderen von Google erfassten Daten zusammenbringen. Durch die Nutzung dieser Webseiten erkl\u00e4ren Sie sich mit der Bearbeitung der \u00fcber Sie erhobenen Daten durch Google und der zuvor beschriebenen Art und Weise der Datenverarbeitung sowie dem benannten Zweck einverstanden. Sie k\u00f6nnen die Speicherung der Cookies durch eine entsprechende Einstellung Ihrer Browser-Software verhindern;; wir weisen Sie jedoch darauf hin, dass Sie in diesem Fall gegebenenfalls nicht s\u00e4mtliche Funktionen unserer Webseiten vollumf\u00e4nglich werden nutzen k\u00f6nnen. Sie k\u00f6nnen dar\u00fcber hinaus die Erfassung der durch das Cookie erzeugten und auf Ihre Nutzung dieser Webseiten bezogenen Daten (inkl. Ihrer IP-Adresse) an Google sowie die Verarbeitung dieser Daten durch Google verhindern, indem sie das unter dem folgenden <a href=\"https:\/\/tools.google.com\/dlpage\/gaoptout?hl=de\" target=\"_blank\" rel=\"noopener noreferrer\">Link<\/a> verf\u00fcgbare Browser-Plugin herunterladen und installieren. N\u00e4here Informationen zu Google Analytics und Datenschutz finden Sie unter &nbsp;<a href=\"http:\/\/tools.google.com\/dlpage\/gaoptout?hl=de\" target=\"_blank\" rel=\"noopener noreferrer\">http:\/\/tools.google.com\/dlpage\/gaoptout?hl=de<\/a>.<\/p>\n<h2>15. Version<\/h2>\n<p>Version Dezember 2018. Jederzeitige \u00c4nderung oder Anpassung ausdr\u00fccklich vorbehalten.<\/p>\n","protected":false},"excerpt":{"rendered":"<p>1. Privatsph\u00e4re Der Schutz Ihrer Privatsph\u00e4re ist der Orpheum Stiftung ein wichtiges Anliegen. Bitte beachten Sie dazu die nachstehenden Datenschutzbestimmungen. 2. Geltungsbereich Die Orpheum Stiftung erfasst, verarbeitet, speichert und sch\u00fctzt die Daten von Personen, die auf unsere Webseite zugreifen. 3. Rechtsgrundlagen Die vorliegenden Datenschutzgrundlagen basieren auf dem schweizerischen Datenschutzgesetz (DSG) und der europ\u00e4ischen Datenschutzgrundverordnung (DSGVO). [&hellip;]<\/p>\n","protected":false},"author":3,"featured_media":0,"parent":0,"menu_order":0,"comment_status":"closed","ping_status":"closed","template":"","meta":{"_acf_changed":false,"inline_featured_image":false,"_genesis_hide_title":false,"_genesis_hide_breadcrumbs":false,"_genesis_hide_singular_image":false,"_genesis_hide_footer_widgets":false,"_genesis_custom_body_class":"","_genesis_custom_post_class":"","_genesis_layout":"","footnotes":""},"class_list":{"0":"post-1782","1":"page","2":"type-page","3":"status-publish","5":"entry"},"acf":[],"_links":{"self":[{"href":"https:\/\/orpheum.ch\/en\/wp-json\/wp\/v2\/pages\/1782","targetHints":{"allow":["GET"]}}],"collection":[{"href":"https:\/\/orpheum.ch\/en\/wp-json\/wp\/v2\/pages"}],"about":[{"href":"https:\/\/orpheum.ch\/en\/wp-json\/wp\/v2\/types\/page"}],"author":[{"embeddable":true,"href":"https:\/\/orpheum.ch\/en\/wp-json\/wp\/v2\/users\/3"}],"replies":[{"embeddable":true,"href":"https:\/\/orpheum.ch\/en\/wp-json\/wp\/v2\/comments?post=1782"}],"version-history":[{"count":0,"href":"https:\/\/orpheum.ch\/en\/wp-json\/wp\/v2\/pages\/1782\/revisions"}],"wp:attachment":[{"href":"https:\/\/orpheum.ch\/en\/wp-json\/wp\/v2\/media?parent=1782"}],"curies":[{"name":"wp","href":"https:\/\/api.w.org\/{rel}","templated":true}]}}