{"id":220,"date":"2018-11-02T17:13:14","date_gmt":"2018-11-02T15:13:14","guid":{"rendered":"https:\/\/orpheum.ch\/foundation\/kuratorium\/"},"modified":"2025-11-19T14:11:33","modified_gmt":"2025-11-19T12:11:33","slug":"artistic-board-of-trustees","status":"publish","type":"page","link":"https:\/\/orpheum.ch\/en\/foundation\/artistic-board-of-trustees\/","title":{"rendered":"Artistic Board of Trustees"},"content":{"rendered":"\n<h1 class=\"wp-block-heading\"><strong>Artistic Board of Trustees<\/strong><\/h1>\n\n\n<h2><strong>Members<\/strong><\/h2>\n<p>Francisco Araiza<br \/>Matthias Bamert<br \/>Daniel Barenboim<br \/>Julia Fischer<br \/>Rolf Beck<br \/>Pl\u00e1cido Domingo<br \/>Prof. Jens Ellermann<br \/>Christoph Eschenbach<br \/>Sol Gabetta<br \/>Kirill Gerstein<br \/>Roberto Gonz\u00e1lez-Monjas<br \/>Prof. Dr. Michael Hampe<br \/>Daniel Hope<br \/>Kristjan J\u00e4rvi<br \/>Philippe Jordan<br \/>Zubin Mehta<br \/>Fazil Say<br \/>Sir Andr\u00e1s Schiff<br \/>Ilona Schmiel<br \/>David Zinman<\/p>","protected":false},"excerpt":{"rendered":"<p>Artistic Board of Trustees Members Francisco AraizaMatthias BamertDaniel BarenboimJulia FischerRolf BeckPl\u00e1cido DomingoProf. Jens EllermannChristoph EschenbachSol GabettaKirill GersteinRoberto Gonz\u00e1lez-MonjasProf. Dr. Michael HampeDaniel HopeKristjan J\u00e4rviPhilippe JordanZubin MehtaFazil SaySir Andr\u00e1s SchiffIlona SchmielDavid Zinman<\/p>\n","protected":false},"author":4,"featured_media":0,"parent":206,"menu_order":30,"comment_status":"closed","ping_status":"closed","template":"templates\/foundation.php","meta":{"_acf_changed":false,"inline_featured_image":false,"_genesis_hide_title":false,"_genesis_hide_breadcrumbs":false,"_genesis_hide_singular_image":false,"_genesis_hide_footer_widgets":false,"_genesis_custom_body_class":"","_genesis_custom_post_class":"","_genesis_layout":"","footnotes":""},"class_list":{"0":"post-220","1":"page","2":"type-page","3":"status-publish","5":"entry"},"acf":[],"_links":{"self":[{"href":"https:\/\/orpheum.ch\/en\/wp-json\/wp\/v2\/pages\/220","targetHints":{"allow":["GET"]}}],"collection":[{"href":"https:\/\/orpheum.ch\/en\/wp-json\/wp\/v2\/pages"}],"about":[{"href":"https:\/\/orpheum.ch\/en\/wp-json\/wp\/v2\/types\/page"}],"author":[{"embeddable":true,"href":"https:\/\/orpheum.ch\/en\/wp-json\/wp\/v2\/users\/4"}],"replies":[{"embeddable":true,"href":"https:\/\/orpheum.ch\/en\/wp-json\/wp\/v2\/comments?post=220"}],"version-history":[{"count":0,"href":"https:\/\/orpheum.ch\/en\/wp-json\/wp\/v2\/pages\/220\/revisions"}],"up":[{"embeddable":true,"href":"https:\/\/orpheum.ch\/en\/wp-json\/wp\/v2\/pages\/206"}],"wp:attachment":[{"href":"https:\/\/orpheum.ch\/en\/wp-json\/wp\/v2\/media?parent=220"}],"curies":[{"name":"wp","href":"https:\/\/api.w.org\/{rel}","templated":true}]}}